{"id":622,"date":"2024-02-07T11:15:54","date_gmt":"2024-02-07T11:15:54","guid":{"rendered":"https:\/\/tonimolinaadvocat.com\/contacte\/"},"modified":"2024-05-14T07:10:05","modified_gmt":"2024-05-14T07:10:05","slug":"contacte","status":"publish","type":"page","link":"https:\/\/tonimolinaadvocat.com\/ca\/contacte\/","title":{"rendered":"Contacte"},"content":{"rendered":"<p>[et_pb_section fb_built=&#8221;1&#8243; _builder_version=&#8221;4.24.2&#8243; _module_preset=&#8221;default&#8221; background_color=&#8221;#EBF0EC&#8221; custom_padding=&#8221;||0px|||&#8221; global_colors_info=&#8221;{}&#8221;][et_pb_row column_structure=&#8221;1_2,1_2&#8243; make_equal=&#8221;on&#8221; _builder_version=&#8221;4.24.2&#8243; _module_preset=&#8221;default&#8221; width=&#8221;100%&#8221; custom_padding=&#8221;30px|8px|30px|8px|true|true&#8221; global_colors_info=&#8221;{}&#8221;][et_pb_column type=&#8221;1_2&#8243; _builder_version=&#8221;4.24.2&#8243; _module_preset=&#8221;default&#8221; global_colors_info=&#8221;{}&#8221;][et_pb_text _builder_version=&#8221;4.24.2&#8243; _module_preset=&#8221;default&#8221; text_font=&#8221;|600|||||||&#8221; text_text_color=&#8221;#FFFFFF&#8221; text_font_size=&#8221;30px&#8221; text_letter_spacing=&#8221;1px&#8221; header_2_font=&#8221;Montserrat|600|||||||&#8221; header_2_text_color=&#8221;#FFFFFF&#8221; header_2_font_size=&#8221;40px&#8221; custom_margin=&#8221;15px|0px|15px|0px|false|true&#8221; custom_margin_tablet=&#8221;|||||true&#8221; custom_margin_phone=&#8221;15px|10px|15px|10px|false|false&#8221; custom_margin_last_edited=&#8221;on|desktop&#8221; custom_padding=&#8221;15px|20px|15px|20px|false|false&#8221; text_font_size_tablet=&#8221;30px&#8221; text_font_size_phone=&#8221;30px&#8221; text_font_size_last_edited=&#8221;on|phone&#8221; header_font_size_tablet=&#8221;&#8221; header_font_size_phone=&#8221;18px&#8221; header_font_size_last_edited=&#8221;on|phone&#8221; header_2_font_size_tablet=&#8221;40px&#8221; header_2_font_size_phone=&#8221;35px&#8221; header_2_font_size_last_edited=&#8221;on|phone&#8221; locked=&#8221;off&#8221; global_colors_info=&#8221;{}&#8221; header_font_size__hover_enabled=&#8221;on|desktop&#8221;]<\/p>\n<p><span style=\"color: #000000;\">CONTACTE<\/span><\/p>\n<p>[\/et_pb_text][et_pb_text _builder_version=&#8221;4.24.2&#8243; _module_preset=&#8221;default&#8221; text_font=&#8221;||||||||&#8221; text_text_color=&#8221;#101014&#8243; header_2_font=&#8221;Montserrat|600|||||||&#8221; header_2_text_color=&#8221;#FFFFFF&#8221; header_2_font_size=&#8221;40px&#8221; custom_margin=&#8221;15px||15px||false|true&#8221; custom_margin_tablet=&#8221;|||||true&#8221; custom_margin_phone=&#8221;15px|10px|15px|10px|false|false&#8221; custom_margin_last_edited=&#8221;on|desktop&#8221; custom_padding=&#8221;15px|20px|15px|20px|false|false&#8221; text_font_size_tablet=&#8221;30px&#8221; text_font_size_phone=&#8221;20px&#8221; text_font_size_last_edited=&#8221;on|phone&#8221; header_font_size_tablet=&#8221;&#8221; header_font_size_phone=&#8221;18px&#8221; header_font_size_last_edited=&#8221;on|phone&#8221; header_2_font_size_tablet=&#8221;40px&#8221; header_2_font_size_phone=&#8221;35px&#8221; header_2_font_size_last_edited=&#8221;on|phone&#8221; global_colors_info=&#8221;{}&#8221; header_font_size__hover_enabled=&#8221;on|desktop&#8221;]<\/p>\n<p style=\"text-align: left;\">Advocat de l&#8217;Il\u00b7lustre Col\u00b7legi de l&#8217;Advocacia de Sabadell.<\/p>\n<p style=\"text-align: left;\">Certificaci\u00f3 de Cursos de litigaci\u00f3 Civil i Laboral de l&#8217;Escola de Pr\u00e0ctica Professional de l&#8217;Advocacia del Col\u00b7legi de Sabadell.<\/p>\n<p style=\"text-align: left;\">Reserva una consulta i aprofita la meva experi\u00e8ncia per trobar la millor estrat\u00e8gia legal per a les teves necessitats individuals o professionals.<\/p>\n<p>[\/et_pb_text][et_pb_blurb title=&#8221;ajmolinas@icasbd.org&#8221; url=&#8221;mailto:ajmolinas@icasbd.org&#8221; url_new_window=&#8221;on&#8221; image=&#8221;https:\/\/tonimolinaadvocat.com\/wp-content\/uploads\/2024\/02\/toni-molina-abogado-sabadell-mail.png&#8221; alt=&#8221;toni-molina-abogado-sabadell-localizacion&#8221; icon_placement=&#8221;left&#8221; image_icon_width=&#8221;25px&#8221; _builder_version=&#8221;4.24.2&#8243; _module_preset=&#8221;default&#8221; header_font=&#8221;Montserrat||||||||&#8221; header_text_color=&#8221;#2D3133&#8243; header_font_size=&#8221;15px&#8221; header_line_height=&#8221;1.6em&#8221; custom_margin=&#8221;15px|15px|15px|15px|false|false&#8221; custom_padding=&#8221;15px|20px|15px|20px|false|false&#8221; global_colors_info=&#8221;{}&#8221;][\/et_pb_blurb][et_pb_blurb title=&#8221;+34 646 02 04 67&#8243; url=&#8221;mailto:ajmolinas@icasbd.org&#8221; url_new_window=&#8221;on&#8221; image=&#8221;https:\/\/tonimolinaadvocat.com\/wp-content\/uploads\/2024\/02\/toni-molina-abogado-sabadell-tel.png&#8221; alt=&#8221;toni-molina-abogado-sabadell-localizacion&#8221; icon_placement=&#8221;left&#8221; image_icon_width=&#8221;25px&#8221; _builder_version=&#8221;4.24.2&#8243; _module_preset=&#8221;default&#8221; header_font=&#8221;Montserrat||||||||&#8221; header_text_color=&#8221;#2D3133&#8243; header_font_size=&#8221;15px&#8221; header_line_height=&#8221;1.6em&#8221; custom_margin=&#8221;15px|15px|15px|15px|false|false&#8221; custom_padding=&#8221;15px|20px|15px|20px|false|false&#8221; global_colors_info=&#8221;{}&#8221;][\/et_pb_blurb][et_pb_blurb title=&#8221;C\/ Sant Antoni, 35, 2a; 08201 Sabadell (Barcelona)&#8221; url=&#8221;mailto:ajmolinas@icasbd.org&#8221; url_new_window=&#8221;on&#8221; image=&#8221;https:\/\/tonimolinaadvocat.com\/wp-content\/uploads\/2024\/02\/toni-molina-abogado-sabadell-localizacion.png&#8221; alt=&#8221;toni-molina-abogado-sabadell-localizacion&#8221; icon_placement=&#8221;left&#8221; image_icon_width=&#8221;25px&#8221; _builder_version=&#8221;4.24.2&#8243; _module_preset=&#8221;default&#8221; header_font=&#8221;Montserrat||||||||&#8221; header_text_color=&#8221;#2D3133&#8243; header_font_size=&#8221;15px&#8221; header_line_height=&#8221;1.6em&#8221; custom_margin=&#8221;15px|15px|15px|15px|false|false&#8221; custom_padding=&#8221;15px|20px|15px|20px|false|false&#8221; global_colors_info=&#8221;{}&#8221;][\/et_pb_blurb][et_pb_button button_url=&#8221;https:\/\/tidycal.com\/toni-molina-advocat&#8221; url_new_window=&#8221;on&#8221; button_text=&#8221;reserva cita pr\u00e8via aqu\u00ed&#8221; _builder_version=&#8221;4.24.2&#8243; _module_preset=&#8221;default&#8221; custom_button=&#8221;on&#8221; button_text_size=&#8221;18px&#8221; button_text_color=&#8221;#101014&#8243; button_bg_color=&#8221;RGBA(255,255,255,0)&#8221; button_border_width=&#8221;1px&#8221; button_border_color=&#8221;#101014&#8243; button_border_radius=&#8221;2px&#8221; button_letter_spacing=&#8221;0px&#8221; button_font=&#8221;Montserrat|||on|||||&#8221; button_icon=&#8221;&#xf4c4;||fa||900&#8243; custom_margin=&#8221;15px|15px|15px|15px|false|true&#8221; custom_margin_tablet=&#8221;4px||||false|true&#8221; custom_margin_phone=&#8221;|30px||30px|false|true&#8221; custom_margin_last_edited=&#8221;on|phone&#8221; custom_padding=&#8221;15px|20px|15px|20px|true|true&#8221; global_colors_info=&#8221;{}&#8221; button_border_width__hover_enabled=&#8221;on|hover&#8221; button_border_width__hover=&#8221;1px&#8221; button_text_color__hover_enabled=&#8221;on|hover&#8221; button_bg_color__hover_enabled=&#8221;on|hover&#8221; button_text_color__hover=&#8221;#2D3133&#8243; button_bg_color__hover=&#8221;#EBF0EC&#8221; button_bg_enable_color__hover=&#8221;on&#8221; button_border_radius__hover_enabled=&#8221;on|hover&#8221; button_border_radius__hover=&#8221;8px&#8221;][\/et_pb_button][\/et_pb_column][et_pb_column type=&#8221;1_2&#8243; _builder_version=&#8221;4.24.2&#8243; _module_preset=&#8221;default&#8221; global_colors_info=&#8221;{}&#8221;][et_pb_image src=&#8221;https:\/\/tonimolinaadvocat.com\/wp-content\/uploads\/2024\/03\/abogado-toni-molina-servicios-legales.png&#8221; alt=&#8221;abogado-toni-molina-servicios-legales&#8221; title_text=&#8221;abogado-toni-molina-servicios-legales&#8221; align_tablet=&#8221;&#8221; align_phone=&#8221;center&#8221; align_last_edited=&#8221;on|phone&#8221; _builder_version=&#8221;4.24.2&#8243; _module_preset=&#8221;default&#8221; width=&#8221;95.9%&#8221; module_alignment=&#8221;center&#8221; custom_margin=&#8221;15px|-41px|15px|15px|false|false&#8221; custom_margin_tablet=&#8221;15px|-41px|15px|15px|false|false&#8221; custom_margin_phone=&#8221;0px|15px|0px|15px|false|false&#8221; custom_margin_last_edited=&#8221;on|phone&#8221; custom_padding=&#8221;0px|0px|0px|0px|false|false&#8221; border_radii=&#8221;on|4px|4px|4px|4px&#8221; box_shadow_style=&#8221;preset6&#8243; global_colors_info=&#8221;{}&#8221;][\/et_pb_image][\/et_pb_column][\/et_pb_row][\/et_pb_section][et_pb_section fb_built=&#8221;1&#8243; _builder_version=&#8221;4.24.2&#8243; _module_preset=&#8221;default&#8221; background_color=&#8221;#EBF0EC&#8221; custom_padding=&#8221;0px||||false|false&#8221; bottom_divider_height=&#8221;27px&#8221; global_colors_info=&#8221;{}&#8221;][et_pb_row column_structure=&#8221;1_2,1_2&#8243; make_equal=&#8221;on&#8221; _builder_version=&#8221;4.24.0&#8243; _module_preset=&#8221;default&#8221; width=&#8221;100%&#8221; custom_padding=&#8221;30px|8px|30px|8px|true|true&#8221; global_colors_info=&#8221;{}&#8221;][et_pb_column type=&#8221;1_2&#8243; _builder_version=&#8221;4.24.0&#8243; _module_preset=&#8221;default&#8221; global_colors_info=&#8221;{}&#8221;][et_pb_contact_form title=&#8221;Explica&#8217;m la teva situaci\u00f3 i assessorarem el teu cas junts:&#8221; success_message=&#8221;Tu consulta est\u00e1 en camino, \u00a1gracias!&#8221; _builder_version=&#8221;4.24.2&#8243; _module_preset=&#8221;default&#8221; _unique_id=&#8221;4e51371a-b3c1-494e-aee7-f5c8bc7bbd67&#8243; form_field_background_color=&#8221;RGBA(255,255,255,0)&#8221; form_field_text_color=&#8221;#101014&#8243; form_field_custom_margin=&#8221;||||false|false&#8221; title_level=&#8221;h2&#8243; title_font=&#8221;Montserrat||||||||&#8221; title_text_align=&#8221;left&#8221; title_text_color=&#8221;#001F3F&#8221; title_font_size=&#8221;15px&#8221; captcha_text_color=&#8221;#101014&#8243; form_field_font=&#8221;||||||||&#8221; form_field_font_size=&#8221;17px&#8221; custom_button=&#8221;on&#8221; button_text_size=&#8221;17px&#8221; button_text_color=&#8221;#2D3133&#8243; button_bg_color=&#8221;RGBA(255,255,255,0)&#8221; button_border_width=&#8221;2px&#8221; button_border_color=&#8221;#2D3133&#8243; button_border_radius=&#8221;2px&#8221; button_font=&#8221;Montserrat|700||on|||||&#8221; button_icon=&#8221;&#xf064;||fa||900&#8243; custom_margin=&#8221;15px|15px|15px|15px|false|false&#8221; custom_padding=&#8221;1px|||||&#8221; border_radii=&#8221;on|2px|2px|2px|2px&#8221; border_width_all=&#8221;1px&#8221; border_color_all=&#8221;#2D3133&#8243; saved_tabs=&#8221;all&#8221; global_colors_info=&#8221;{}&#8221;][et_pb_contact_field field_id=&#8221;Nombre&#8221; field_title=&#8221;Nom Complet&#8221; fullwidth_field=&#8221;on&#8221; _builder_version=&#8221;4.24.0&#8243; _module_preset=&#8221;default&#8221; global_colors_info=&#8221;{}&#8221;][\/et_pb_contact_field][et_pb_contact_field field_id=&#8221;Telefono&#8221; field_title=&#8221;Tel\u00e8fon de contacte&#8221; fullwidth_field=&#8221;on&#8221; _builder_version=&#8221;4.24.0&#8243; _module_preset=&#8221;default&#8221; global_colors_info=&#8221;{}&#8221;][\/et_pb_contact_field][et_pb_contact_field field_id=&#8221;Email&#8221; field_title=&#8221;Una Adre\u00e7a de Correu Electr\u00f2nic&#8221; fullwidth_field=&#8221;on&#8221; _builder_version=&#8221;4.24.0&#8243; _module_preset=&#8221;default&#8221; global_colors_info=&#8221;{}&#8221;][\/et_pb_contact_field][et_pb_contact_field field_id=&#8221;Message&#8221; field_title=&#8221;Tipus de Consulta&#8221; field_type=&#8221;select&#8221; select_options=&#8221;%91{%22value%22:%22Dret Civil%22,%22checked%22:0,%22dragID%22:-1},{%22value%22:%22Dret Laboral%22,%22checked%22:0,%22dragID%22:0},{%22value%22:%22Reclamacions Judicials i Extrajudicials%22,%22checked%22:0,%22dragID%22:1},{%22value%22:%22Accidents%22,%22checked%22:0,%22dragID%22:2},{%22value%22:%22Llei Segona Oportunitat%22,%22checked%22:0,%22dragID%22:3},{%22value%22:%22Divorcis \/ Fam\u00edlia%22,%22checked%22:0,%22dragID%22:4},{%22value%22:%22Un altre%22,%22checked%22:0,%22dragID%22:5}%93&#8243; fullwidth_field=&#8221;on&#8221; _builder_version=&#8221;4.24.1&#8243; global_colors_info=&#8221;{}&#8221; button_text_size__hover_enabled=&#8221;off&#8221; button_one_text_size__hover_enabled=&#8221;off&#8221; button_two_text_size__hover_enabled=&#8221;off&#8221; button_text_color__hover_enabled=&#8221;off&#8221; button_one_text_color__hover_enabled=&#8221;off&#8221; button_two_text_color__hover_enabled=&#8221;off&#8221; button_border_width__hover_enabled=&#8221;off&#8221; button_one_border_width__hover_enabled=&#8221;off&#8221; button_two_border_width__hover_enabled=&#8221;off&#8221; button_border_color__hover_enabled=&#8221;off&#8221; button_one_border_color__hover_enabled=&#8221;off&#8221; button_two_border_color__hover_enabled=&#8221;off&#8221; button_border_radius__hover_enabled=&#8221;off&#8221; button_one_border_radius__hover_enabled=&#8221;off&#8221; button_two_border_radius__hover_enabled=&#8221;off&#8221; button_letter_spacing__hover_enabled=&#8221;off&#8221; button_one_letter_spacing__hover_enabled=&#8221;off&#8221; button_two_letter_spacing__hover_enabled=&#8221;off&#8221; button_bg_color__hover_enabled=&#8221;off&#8221; button_one_bg_color__hover_enabled=&#8221;off&#8221; button_two_bg_color__hover_enabled=&#8221;off&#8221;][\/et_pb_contact_field][\/et_pb_contact_form][\/et_pb_column][et_pb_column type=&#8221;1_2&#8243; _builder_version=&#8221;4.24.0&#8243; _module_preset=&#8221;default&#8221; global_colors_info=&#8221;{}&#8221;][et_pb_code _builder_version=&#8221;4.24.2&#8243; _module_preset=&#8221;default&#8221; width=&#8221;80%&#8221; max_width=&#8221;93%&#8221; module_alignment=&#8221;right&#8221; custom_margin=&#8221;15px|15px|15px|15px|false|false&#8221; custom_padding=&#8221;15px|20px|15px|20px|false|false&#8221; module_alignment_tablet=&#8221;right&#8221; module_alignment_phone=&#8221;center&#8221; module_alignment_last_edited=&#8221;on|phone&#8221; border_radii=&#8221;on|4px|4px|4px|4px&#8221; global_colors_info=&#8221;{}&#8221;]<iframe src=\"https:\/\/www.google.com\/maps\/embed?pb=!1m18!1m12!1m3!1d2567.9507953016177!2d2.1071656792405946!3d41.54778092178481!2m3!1f0!2f0!3f0!3m2!1i1024!2i768!4f13.1!3m3!1m2!1s0x12a495a536b87fd5%3A0xe1b71bacef57db41!2sTONI%20MOLINA%20ABOGADO!5e0!3m2!1ses!2ses!4v1709632732278!5m2!1ses!2ses\" width=\"600\" height=\"350\" style=\"border:0;\" allowfullscreen=\"\" loading=\"lazy\" referrerpolicy=\"no-referrer-when-downgrade\"><\/iframe>[\/et_pb_code][\/et_pb_column][\/et_pb_row][\/et_pb_section]<\/p>\n","protected":false},"excerpt":{"rendered":"<p>CONTACTEAdvocat de l&#8217;Il\u00b7lustre Col\u00b7legi de l&#8217;Advocacia de Sabadell. Certificaci\u00f3 de Cursos de litigaci\u00f3 Civil i Laboral de l&#8217;Escola de Pr\u00e0ctica Professional de l&#8217;Advocacia del Col\u00b7legi de Sabadell. Reserva una consulta i aprofita la meva experi\u00e8ncia per trobar la millor estrat\u00e8gia legal per a les teves necessitats individuals o professionals.<\/p>\n","protected":false},"author":1,"featured_media":525,"parent":0,"menu_order":0,"comment_status":"closed","ping_status":"closed","template":"","meta":{"_et_pb_use_builder":"on","_et_pb_old_content":"","_et_gb_content_width":"","footnotes":""},"class_list":["post-622","page","type-page","status-publish","has-post-thumbnail","hentry"],"aioseo_notices":[],"_links":{"self":[{"href":"https:\/\/tonimolinaadvocat.com\/ca\/wp-json\/wp\/v2\/pages\/622","targetHints":{"allow":["GET"]}}],"collection":[{"href":"https:\/\/tonimolinaadvocat.com\/ca\/wp-json\/wp\/v2\/pages"}],"about":[{"href":"https:\/\/tonimolinaadvocat.com\/ca\/wp-json\/wp\/v2\/types\/page"}],"author":[{"embeddable":true,"href":"https:\/\/tonimolinaadvocat.com\/ca\/wp-json\/wp\/v2\/users\/1"}],"replies":[{"embeddable":true,"href":"https:\/\/tonimolinaadvocat.com\/ca\/wp-json\/wp\/v2\/comments?post=622"}],"version-history":[{"count":8,"href":"https:\/\/tonimolinaadvocat.com\/ca\/wp-json\/wp\/v2\/pages\/622\/revisions"}],"predecessor-version":[{"id":921,"href":"https:\/\/tonimolinaadvocat.com\/ca\/wp-json\/wp\/v2\/pages\/622\/revisions\/921"}],"wp:featuredmedia":[{"embeddable":true,"href":"https:\/\/tonimolinaadvocat.com\/ca\/wp-json\/wp\/v2\/media\/525"}],"wp:attachment":[{"href":"https:\/\/tonimolinaadvocat.com\/ca\/wp-json\/wp\/v2\/media?parent=622"}],"curies":[{"name":"wp","href":"https:\/\/api.w.org\/{rel}","templated":true}]}}